{"id":650,"date":"2018-11-05T11:28:21","date_gmt":"2018-11-05T10:28:21","guid":{"rendered":"http:\/\/www.ambulatoriodellarte.eu\/?post_type=product&#038;p=650"},"modified":"2018-11-05T11:28:21","modified_gmt":"2018-11-05T10:28:21","slug":"giovanna-ciquera","status":"publish","type":"product","link":"https:\/\/www.ambulatoriodellarte.eu\/index.php\/prodotto\/giovanna-ciquera\/","title":{"rendered":"GIOVANNA CIQUERA"},"content":{"rendered":"<p>&#8220;Della nella natura osservo lo splendore del sole che illumina il cielo di una bellezza speciale. Lo sguardo rimane incantato come se gi\u00e0 vedesse un dipinto. Ecco tutto questo mi d\u00e0 serenit\u00e0.&#8221;<\/p>\n","protected":false},"excerpt":{"rendered":"<p>&#8220;Della nella natura osservo lo splendore del sole che illumina il cielo di una bellezza speciale. Lo sguardo rimane incantato come se gi\u00e0 vedesse un dipinto. Ecco tutto questo mi d\u00e0 serenit\u00e0.&#8221;<\/p>\n","protected":false},"featured_media":653,"comment_status":"open","ping_status":"closed","template":"","meta":[],"class_list":{"0":"post-650","1":"product","2":"type-product","3":"status-publish","4":"has-post-thumbnail","6":"product_cat-opere-in-vendita","7":"product_tag-della-nella-natura-osservo-lo-splendore-del-sole-che-illumina-il-cielo-di-una-bellezza-speciale-lo-sguardo-rimane-incantato-come-se-gia-vedesse-un-dipinto-ecco-tutto-questo-mi-da-serenita","9":"first","10":"instock","11":"shipping-taxable","12":"product-type-simple"},"_links":{"self":[{"href":"https:\/\/www.ambulatoriodellarte.eu\/index.php\/wp-json\/wp\/v2\/product\/650"}],"collection":[{"href":"https:\/\/www.ambulatoriodellarte.eu\/index.php\/wp-json\/wp\/v2\/product"}],"about":[{"href":"https:\/\/www.ambulatoriodellarte.eu\/index.php\/wp-json\/wp\/v2\/types\/product"}],"replies":[{"embeddable":true,"href":"https:\/\/www.ambulatoriodellarte.eu\/index.php\/wp-json\/wp\/v2\/comments?post=650"}],"wp:featuredmedia":[{"embeddable":true,"href":"https:\/\/www.ambulatoriodellarte.eu\/index.php\/wp-json\/wp\/v2\/media\/653"}],"wp:attachment":[{"href":"https:\/\/www.ambulatoriodellarte.eu\/index.php\/wp-json\/wp\/v2\/media?parent=650"}],"curies":[{"name":"wp","href":"https:\/\/api.w.org\/{rel}","templated":true}]}}